{"id":237,"date":"2024-10-18T19:28:07","date_gmt":"2024-10-18T19:28:07","guid":{"rendered":"https:\/\/apvalor.com\/?page_id=237"},"modified":"2024-10-19T03:33:28","modified_gmt":"2024-10-19T03:33:28","slug":"solicitudes","status":"publish","type":"page","link":"https:\/\/apvalor.com\/index.php\/solicitudes\/","title":{"rendered":"Solicitudes"},"content":{"rendered":"\t\t<div data-elementor-type=\"wp-page\" data-elementor-id=\"237\" class=\"elementor elementor-237\">\n\t\t\t\t<div class=\"elementor-element elementor-element-31028d46 e-flex e-con-boxed e-con e-parent\" data-id=\"31028d46\" data-element_type=\"container\">\n\t\t\t\t\t<div class=\"e-con-inner\">\n\t\t\t\t<div class=\"elementor-element elementor-element-521b085 elementor-widget elementor-widget-text-editor\" data-id=\"521b085\" data-element_type=\"widget\" data-widget_type=\"text-editor.default\">\n\t\t\t\t<div class=\"elementor-widget-container\">\n\t\t\t\t\t\t\t\t\t\n<h4><strong><span style=\"color: #0a4236;\">Tramitamos lo que necesitas de forma r\u00e1pida y eficiente.<\/span><\/strong><\/h4>\n\n<p>Nuestro servicio de\u00a0<span style=\"color: #0a4236;\"><strong>solicitudes<\/strong><\/span> est\u00e1 dise\u00f1ado para gestionar todo tipo de tr\u00e1mites y documentos requeridos para la operaci\u00f3n y regularizaci\u00f3n de tu negocio e inmueble. Nos encargamos de todo el proceso de las gestiones administrativas.<\/p>\n\n<h4><span style=\"color: #000000;\">\u00bfEn qu\u00e9 podemos ayudarte?<\/span><\/h4>\n<ul class=\"wp-block-list\">\n<li><span style=\"color: #0a4236;\"><strong>Certificados de jurisdicci\u00f3n<\/strong><\/span><\/li>\n<li><span style=\"color: #0a4236;\"><strong>Zonificaci\u00f3n, <\/strong><strong>V\u00edas y numeraci\u00f3n:<\/strong><\/span>\u00a0Asegura la validez y legalidad de tu propiedad con los documentos correspondientes.<\/li>\n<\/ul>\n<!-- \/wp:list --><!-- wp:paragraph -->\n<h4><span style=\"color: #000000;\">\u00bfPor qu\u00e9 trabajar con nosotros?<\/span><\/h4>\n<!-- \/wp:paragraph --><!-- wp:list -->\n<ul class=\"wp-block-list\"><!-- wp:list-item -->\n<li>Te garantizamos <strong><span style=\"color: #0a4236;\">rapidez<\/span><\/strong> en la gesti\u00f3n de tr\u00e1mites.<\/li>\n<!-- \/wp:list-item --><!-- wp:list-item -->\n<li>Lograr\u00e1s un <strong><span style=\"color: #0a4236;\">ahorro de tiempo<\/span><\/strong> y esfuerzo en procesos legales.<\/li>\n<!-- \/wp:list-item --><!-- wp:list-item -->\n<li>Tendr\u00e1s la <strong><span style=\"color: #0a4236;\">seguridad<\/span><\/strong> de la correcta obtenci\u00f3n de documentos.<\/li>\n<!-- \/wp:list-item --><\/ul>\n<!-- \/wp:list -->\t\t\t\t\t\t\t\t<\/div>\n\t\t\t\t<\/div>\n\t\t\t\t\t<\/div>\n\t\t\t\t<\/div>\n\t\t<div class=\"elementor-element elementor-element-2924086 e-flex e-con-boxed e-con e-parent\" data-id=\"2924086\" data-element_type=\"container\">\n\t\t\t\t\t<div class=\"e-con-inner\">\n\t\t\t\t<div class=\"elementor-element elementor-element-d496dca elementor-align-center elementor-widget elementor-widget-button\" data-id=\"d496dca\" data-element_type=\"widget\" data-widget_type=\"button.default\">\n\t\t\t\t<div class=\"elementor-widget-container\">\n\t\t\t\t\t\t\t\t\t<div class=\"elementor-button-wrapper\">\n\t\t\t\t\t<a class=\"elementor-button elementor-button-link elementor-size-sm\" href=\"https:\/\/apvalor.com\/index.php\/contacto\/\" id=\"Cont\u00e1ctanos\">\n\t\t\t\t\t\t<span class=\"elementor-button-content-wrapper\">\n\t\t\t\t\t\t\t\t\t<span class=\"elementor-button-text\">Cont\u00e1ctanos<\/span>\n\t\t\t\t\t<\/span>\n\t\t\t\t\t<\/a>\n\t\t\t\t<\/div>\n\t\t\t\t\t\t\t\t<\/div>\n\t\t\t\t<\/div>\n\t\t\t\t\t<\/div>\n\t\t\t\t<\/div>\n\t\t\t\t<\/div>\n\t\t","protected":false},"excerpt":{"rendered":"<p>Tramitamos lo que necesitas de forma r\u00e1pida y eficiente. Nuestro servicio de\u00a0solicitudes est\u00e1 dise\u00f1ado para gestionar todo tipo de tr\u00e1mites y documentos requeridos para la operaci\u00f3n y regularizaci\u00f3n de tu negocio e inmueble. Nos encargamos de todo el proceso de las gestiones administrativas. \u00bfEn qu\u00e9 podemos ayudarte? \u00bfPor qu\u00e9 trabajar con nosotros? Te garantizamos rapidez &hellip; <\/p>\n<p class=\"link-more\"><a href=\"https:\/\/apvalor.com\/index.php\/solicitudes\/\" class=\"more-link\">Read more<span class=\"screen-reader-text\"> \u00abSolicitudes\u00bb<\/span><\/a><\/p>\n","protected":false},"author":1,"featured_media":0,"parent":0,"menu_order":0,"comment_status":"closed","ping_status":"closed","template":"","meta":{"footnotes":""},"class_list":["post-237","page","type-page","status-publish","hentry"],"_links":{"self":[{"href":"https:\/\/apvalor.com\/index.php\/wp-json\/wp\/v2\/pages\/237","targetHints":{"allow":["GET"]}}],"collection":[{"href":"https:\/\/apvalor.com\/index.php\/wp-json\/wp\/v2\/pages"}],"about":[{"href":"https:\/\/apvalor.com\/index.php\/wp-json\/wp\/v2\/types\/page"}],"author":[{"embeddable":true,"href":"https:\/\/apvalor.com\/index.php\/wp-json\/wp\/v2\/users\/1"}],"replies":[{"embeddable":true,"href":"https:\/\/apvalor.com\/index.php\/wp-json\/wp\/v2\/comments?post=237"}],"version-history":[{"count":12,"href":"https:\/\/apvalor.com\/index.php\/wp-json\/wp\/v2\/pages\/237\/revisions"}],"predecessor-version":[{"id":385,"href":"https:\/\/apvalor.com\/index.php\/wp-json\/wp\/v2\/pages\/237\/revisions\/385"}],"wp:attachment":[{"href":"https:\/\/apvalor.com\/index.php\/wp-json\/wp\/v2\/media?parent=237"}],"curies":[{"name":"wp","href":"https:\/\/api.w.org\/{rel}","templated":true}]}}