{"id":245,"date":"2024-10-18T19:49:46","date_gmt":"2024-10-18T19:49:46","guid":{"rendered":"https:\/\/apvalor.com\/?page_id=245"},"modified":"2024-10-19T03:33:59","modified_gmt":"2024-10-19T03:33:59","slug":"autorizaciones","status":"publish","type":"page","link":"https:\/\/apvalor.com\/index.php\/autorizaciones\/","title":{"rendered":"Autorizaciones"},"content":{"rendered":"\t\t<div data-elementor-type=\"wp-page\" data-elementor-id=\"245\" class=\"elementor elementor-245\">\n\t\t\t\t<div class=\"elementor-element elementor-element-72bba398 e-flex e-con-boxed e-con e-parent\" data-id=\"72bba398\" data-element_type=\"container\">\n\t\t\t\t\t<div class=\"e-con-inner\">\n\t\t\t\t<div class=\"elementor-element elementor-element-66a86b29 elementor-widget elementor-widget-text-editor\" data-id=\"66a86b29\" data-element_type=\"widget\" data-widget_type=\"text-editor.default\">\n\t\t\t\t<div class=\"elementor-widget-container\">\n\t\t\t\t\t\t\t\t\t\n<p><span style=\"color: #0a4236;\"><strong>Obt\u00e9n los permisos y licencias que tu negocio necesita.<\/strong><\/span><\/p>\n<p><span style=\"color: #353434;\"><\/span><\/p>\n<p><span style=\"color: #353434;\">Gestionamos las\u00a0<strong><span style=\"color: #0a4236;\">autorizaciones<\/span><\/strong> esenciales para el correcto funcionamiento de tu empresa o proyecto. Nos encargamos de tramitar cada permiso, asegur\u00e1ndonos de que cumplas con todas las normativas requeridas.<\/span><\/p>\n\n<h4>\u00bfEn qu\u00e9 podemos ayudarte?<\/h4>\n\n<ul class=\"wp-block-list\">\n<li><strong><span style=\"color: #0a4236;\">Licencias de funcionamiento:<\/span><\/strong>\u00a0<span style=\"color: #353434;\">Pon tu negocio en marcha con todas las licencias en regla.<\/span><\/li>\n\n<li><span style=\"color: #0a4236;\"><strong>Certificados y permisos para obras:<\/strong>\u00a0<\/span><span style=\"color: #353434;\">Gestionamos permisos para realizar trabajos de construcci\u00f3n, remodelaci\u00f3n o instalaci\u00f3n.<\/span><\/li>\n\n<li><span style=\"color: #0a4236;\"><strong>Autorizaci\u00f3n de publicidad, paneles y letreros:<\/strong><\/span>\u00a0<span style=\"color: #353434;\">Obt\u00e9n los permisos necesarios para instalar publicidad exterior en zonas urbanas.<\/span><\/li>\n\n<li><span style=\"color: #0a4236;\"><strong>Autorizaciones especiales y activaciones:<\/strong><\/span>\u00a0<span style=\"color: #353434;\">Permisos para eventos comerciales, campa\u00f1as publicitarias y activaciones.<\/span><\/li>\n<\/ul>\n\n<h4>\u00bfPor qu\u00e9 trabajar con Aporta Valor?<\/h4>\n\n<ul class=\"wp-block-list\">\n<li><span style=\"color: #353434;\"><strong><span style=\"color: #0a4236;\">Cumple<\/span><\/strong> con las normativas sin complicaciones.<\/span><\/li>\n\n<li><span style=\"color: #353434;\"><strong><span style=\"color: #0a4236;\">Evita<\/span><\/strong> retrasos en la apertura o desarrollo de tu negocio.<\/span><\/li>\n\n<li><span style=\"color: #353434;\"><strong><span style=\"color: #0a4236;\">Soluciones r\u00e1pidas y seguras<\/span><\/strong> para permisos publicitarios.<\/span><\/li>\n<\/ul>\n\t\t\t\t\t\t\t\t<\/div>\n\t\t\t\t<\/div>\n\t\t\t\t\t<\/div>\n\t\t\t\t<\/div>\n\t\t<div class=\"elementor-element elementor-element-5b1cda6 e-flex e-con-boxed e-con e-parent\" data-id=\"5b1cda6\" data-element_type=\"container\">\n\t\t\t\t\t<div class=\"e-con-inner\">\n\t\t\t\t<div class=\"elementor-element elementor-element-3377232 elementor-align-center elementor-widget elementor-widget-button\" data-id=\"3377232\" data-element_type=\"widget\" data-widget_type=\"button.default\">\n\t\t\t\t<div class=\"elementor-widget-container\">\n\t\t\t\t\t\t\t\t\t<div class=\"elementor-button-wrapper\">\n\t\t\t\t\t<a class=\"elementor-button elementor-button-link elementor-size-sm\" href=\"https:\/\/apvalor.com\/index.php\/contacto\/\" id=\"Cont\u00e1ctanos\">\n\t\t\t\t\t\t<span class=\"elementor-button-content-wrapper\">\n\t\t\t\t\t\t\t\t\t<span class=\"elementor-button-text\">Cont\u00e1ctanos<\/span>\n\t\t\t\t\t<\/span>\n\t\t\t\t\t<\/a>\n\t\t\t\t<\/div>\n\t\t\t\t\t\t\t\t<\/div>\n\t\t\t\t<\/div>\n\t\t\t\t\t<\/div>\n\t\t\t\t<\/div>\n\t\t\t\t<\/div>\n\t\t","protected":false},"excerpt":{"rendered":"<p>Obt\u00e9n los permisos y licencias que tu negocio necesita. Gestionamos las\u00a0autorizaciones esenciales para el correcto funcionamiento de tu empresa o proyecto. Nos encargamos de tramitar cada permiso, asegur\u00e1ndonos de que cumplas con todas las normativas requeridas. \u00bfEn qu\u00e9 podemos ayudarte? \u00bfPor qu\u00e9 trabajar con Aporta Valor? Cont\u00e1ctanos<\/p>\n","protected":false},"author":1,"featured_media":0,"parent":0,"menu_order":0,"comment_status":"closed","ping_status":"closed","template":"","meta":{"footnotes":""},"class_list":["post-245","page","type-page","status-publish","hentry"],"_links":{"self":[{"href":"https:\/\/apvalor.com\/index.php\/wp-json\/wp\/v2\/pages\/245","targetHints":{"allow":["GET"]}}],"collection":[{"href":"https:\/\/apvalor.com\/index.php\/wp-json\/wp\/v2\/pages"}],"about":[{"href":"https:\/\/apvalor.com\/index.php\/wp-json\/wp\/v2\/types\/page"}],"author":[{"embeddable":true,"href":"https:\/\/apvalor.com\/index.php\/wp-json\/wp\/v2\/users\/1"}],"replies":[{"embeddable":true,"href":"https:\/\/apvalor.com\/index.php\/wp-json\/wp\/v2\/comments?post=245"}],"version-history":[{"count":19,"href":"https:\/\/apvalor.com\/index.php\/wp-json\/wp\/v2\/pages\/245\/revisions"}],"predecessor-version":[{"id":388,"href":"https:\/\/apvalor.com\/index.php\/wp-json\/wp\/v2\/pages\/245\/revisions\/388"}],"wp:attachment":[{"href":"https:\/\/apvalor.com\/index.php\/wp-json\/wp\/v2\/media?parent=245"}],"curies":[{"name":"wp","href":"https:\/\/api.w.org\/{rel}","templated":true}]}}