{"id":7,"date":"2024-07-03T23:37:23","date_gmt":"2024-07-03T23:37:23","guid":{"rendered":"https:\/\/apvalor.com\/?page_id=7"},"modified":"2024-10-19T03:53:19","modified_gmt":"2024-10-19T03:53:19","slug":"nosotros","status":"publish","type":"page","link":"https:\/\/apvalor.com\/index.php\/nosotros\/","title":{"rendered":"Nosotros"},"content":{"rendered":"\t\t<div data-elementor-type=\"wp-page\" data-elementor-id=\"7\" class=\"elementor elementor-7\">\n\t\t\t\t<div class=\"elementor-element elementor-element-5748c5a4 e-flex e-con-boxed e-con e-parent\" data-id=\"5748c5a4\" data-element_type=\"container\">\n\t\t\t\t\t<div class=\"e-con-inner\">\n\t\t\t\t<div class=\"elementor-element elementor-element-6d6efd73 elementor-widget elementor-widget-text-editor\" data-id=\"6d6efd73\" data-element_type=\"widget\" data-widget_type=\"text-editor.default\">\n\t\t\t\t<div class=\"elementor-widget-container\">\n\t\t\t\t\t\t\t\t\t<p><\/p>\n<div class=\"wp-block-columns is-layout-flex wp-container-core-columns-is-layout-28f84493 wp-block-columns-is-layout-flex\">\n<p><\/p>\n<div class=\"wp-block-column is-layout-flow wp-block-column-is-layout-flow\">\n<p><\/p>\n<figure><img fetchpriority=\"high\" decoding=\"async\" class=\"aligncenter wp-image-223 size-full\" style=\"border-radius: 25px;\" src=\"https:\/\/apvalor.com\/wp-content\/uploads\/2024\/10\/apvalor-nosotros-1.jpg\" alt=\"\" width=\"588\" height=\"610\" srcset=\"https:\/\/apvalor.com\/wp-content\/uploads\/2024\/10\/apvalor-nosotros-1.jpg 588w, https:\/\/apvalor.com\/wp-content\/uploads\/2024\/10\/apvalor-nosotros-1-289x300.jpg 289w\" sizes=\"(max-width: 588px) 100vw, 588px\" \/><\/figure>\n<figure><\/figure>\n<\/div>\n<div class=\"wp-block-column\">\n<p class=\"has-text-align-left\" style=\"text-align: left; padding-left: 40px;\"><strong>En AP Valor, transformamos la gesti\u00f3n de tr\u00e1mites y permisos en una experiencia r\u00e1pida y sin complicaciones para tu empresa.<\/strong><\/p>\n<p class=\"has-text-align-left\" style=\"padding-left: 40px;\">Nos especializamos en la gesti\u00f3n de tr\u00e1mites y \u00a0permisos esenciales para que tu empresa opere de manera legal y eficiente.<\/p>\n<p style=\"padding-left: 40px;\">Nuestro enfoque integral y personalizado asegura que todas las gestiones necesarias ante entidades como SUNAT, SUNARP y diversas empresas privadas se realicen de manera eficiente. Nuestro objetivo es garantizar que obtengas todas las licencias, autorizaciones y certificados necesarios sin complicaciones, permiti\u00e9ndote concentrarte en lo que realmente importa: <span style=\"color: #0a4236;\"><strong>el crecimiento y \u00e9xito de tu negocio.<\/strong><\/span><\/p>\n<p><\/p>\n<\/div>\n<p><\/p>\n<\/div>\n<p><\/p>\n<div class=\"wp-block-columns is-layout-flex wp-container-core-columns-is-layout-28f84493 wp-block-columns-is-layout-flex\">\n<div class=\"wp-block-column\">\n<h2 class=\"has-text-align-right\" style=\"text-align: left; padding-left: 40px;\">\u00bfPor qu\u00e9 trabajar con nosotros?<\/h2>\n<p style=\"text-align: left; padding-left: 40px;\">Contamos con un equipo de especialistas de amplia experiencia y un profundo conocimiento en procesos administrativos, lo cual nos permite ofrecerte un servicio \u00e1gil, preciso y confiable. Nos ocupamos de cada detalle, desde la preparaci\u00f3n y presentaci\u00f3n de documentos hasta la resoluci\u00f3n final, estamos aqu\u00ed para que puedas centrarte en liderar y expandir tu empresa con total tranquilidad.<\/p>\n<\/div>\n<div class=\"wp-block-column\">\n<figure class=\"wp-block-image size-large has-custom-border is-style-rounded\"><img decoding=\"async\" width=\"1024\" height=\"682\" class=\"wp-image-67 alignright\" style=\"border-radius: 25px;\" src=\"https:\/\/apvalor.com\/wp-content\/uploads\/2024\/07\/reunion-1024x682.jpg\" alt=\"\" srcset=\"https:\/\/apvalor.com\/wp-content\/uploads\/2024\/07\/reunion-1024x682.jpg 1024w, https:\/\/apvalor.com\/wp-content\/uploads\/2024\/07\/reunion-300x200.jpg 300w, https:\/\/apvalor.com\/wp-content\/uploads\/2024\/07\/reunion-768x512.jpg 768w, https:\/\/apvalor.com\/wp-content\/uploads\/2024\/07\/reunion-1536x1024.jpg 1536w, https:\/\/apvalor.com\/wp-content\/uploads\/2024\/07\/reunion.jpg 2000w\" sizes=\"(max-width: 1024px) 100vw, 1024px\" \/><\/figure>\n<\/div>\n<\/div>\n<figure><\/figure>\n<p style=\"padding-left: 40px;\">Valoramos tu tiempo y trabajamos con la m\u00e1xima eficiencia para reducir los tiempos de espera y asegurar que todo se realice correctamente desde el primer momento. En <span style=\"color: #0a4236;\"><strong>AP Valor<\/strong><\/span>, nuestro compromiso es simplificar tu vida empresarial y proporcionarte la tranquilidad de saber que tus gestiones est\u00e1n en manos de profesionales.<\/p>\n<p><\/p>\n<figure class=\"wp-block-image aligncenter size-full has-custom-border is-style-rounded\"><img decoding=\"async\" class=\"aligncenter wp-image-224 size-large\" style=\"border-radius: 25px;\" src=\"https:\/\/apvalor.com\/wp-content\/uploads\/2024\/10\/apvalor-nosotros-3-1024x230.jpg\" alt=\"\" width=\"1024\" height=\"230\" srcset=\"https:\/\/apvalor.com\/wp-content\/uploads\/2024\/10\/apvalor-nosotros-3-1024x230.jpg 1024w, https:\/\/apvalor.com\/wp-content\/uploads\/2024\/10\/apvalor-nosotros-3-300x67.jpg 300w, https:\/\/apvalor.com\/wp-content\/uploads\/2024\/10\/apvalor-nosotros-3-768x173.jpg 768w, https:\/\/apvalor.com\/wp-content\/uploads\/2024\/10\/apvalor-nosotros-3.jpg 1300w\" sizes=\"(max-width: 1024px) 100vw, 1024px\" \/><\/figure>\n<p style=\"text-align: center;\">Conf\u00eda en AP Valor para gestionar tus tr\u00e1mites administrativos con precisi\u00f3n y rapidez. Estamos aqu\u00ed para hacer tu vida m\u00e1s f\u00e1cil y tu negocio m\u00e1s exitoso.<\/p>\n<div class=\"wp-block-columns\">\n<div class=\"wp-block-column\">\n<p><\/p>\n<\/div>\n<p><!-- \/wp:column --><\/p>\n<\/div>\n<p><!-- \/wp:columns --><!-- wp:paragraph --><\/p>\n<p><!-- \/wp:paragraph --><\/p>\t\t\t\t\t\t\t\t<\/div>\n\t\t\t\t<\/div>\n\t\t\t\t<div class=\"elementor-element elementor-element-832ec2d elementor-widget-divider--view-line elementor-widget elementor-widget-divider\" data-id=\"832ec2d\" data-element_type=\"widget\" data-widget_type=\"divider.default\">\n\t\t\t\t<div class=\"elementor-widget-container\">\n\t\t\t\t\t\t\t<div class=\"elementor-divider\">\n\t\t\t<span class=\"elementor-divider-separator\">\n\t\t\t\t\t\t<\/span>\n\t\t<\/div>\n\t\t\t\t\t\t<\/div>\n\t\t\t\t<\/div>\n\t\t\t\t\t<\/div>\n\t\t\t\t<\/div>\n\t\t<div class=\"elementor-element elementor-element-01d8705 e-flex e-con-boxed e-con e-parent\" data-id=\"01d8705\" data-element_type=\"container\">\n\t\t\t\t\t<div class=\"e-con-inner\">\n\t\t\t\t<div class=\"elementor-element elementor-element-09c2beb elementor-widget elementor-widget-text-editor\" data-id=\"09c2beb\" data-element_type=\"widget\" data-widget_type=\"text-editor.default\">\n\t\t\t\t<div class=\"elementor-widget-container\">\n\t\t\t\t\t\t\t\t\t<h1><span style=\"color: #0a4236;\">Cont\u00e1ctanos<\/span><\/h1>\t\t\t\t\t\t\t\t<\/div>\n\t\t\t\t<\/div>\n\t\t\t\t\t<\/div>\n\t\t\t\t<\/div>\n\t\t<div class=\"elementor-element elementor-element-a76d65e e-flex e-con-boxed e-con e-parent\" data-id=\"a76d65e\" data-element_type=\"container\">\n\t\t\t\t\t<div class=\"e-con-inner\">\n\t\t\t\t<div class=\"elementor-element elementor-element-8c0e713 elementor-widget elementor-widget-wp-widget-forminator_widget\" data-id=\"8c0e713\" data-element_type=\"widget\" data-widget_type=\"wp-widget-forminator_widget.default\">\n\t\t\t\t<div class=\"elementor-widget-container\">\n\t\t\t\t\t<div class=\"forminator-ui forminator-custom-form forminator-custom-form-130 forminator-design--material  forminator_ajax\" data-forminator-render=\"0\" data-form=\"forminator-module-130\" data-uid=\"69e369ac956b8\"><br\/><\/div><form\n\t\t\t\tid=\"forminator-module-130\"\n\t\t\t\tclass=\"forminator-ui forminator-custom-form forminator-custom-form-130 forminator-design--material  forminator_ajax\"\n\t\t\t\tmethod=\"post\"\n\t\t\t\tdata-forminator-render=\"0\"\n\t\t\t\tdata-form-id=\"130\"\n\t\t\t\t data-color-option=\"default\" data-design=\"material\" data-grid=\"open\" style=\"display: none;\"\n\t\t\t\tdata-uid=\"69e369ac956b8\"\n\t\t\t><div role=\"alert\" aria-live=\"polite\" class=\"forminator-response-message forminator-error\" aria-hidden=\"true\"><\/div><div class=\"forminator-row\"><div id=\"name-1\" class=\"forminator-field-name forminator-col forminator-col-12 \"><div class=\"forminator-field\"><label for=\"forminator-field-name-1_69e369ac956b8\" id=\"forminator-field-name-1_69e369ac956b8-label\" class=\"forminator-label\">Nombre completo <span class=\"forminator-required\">*<\/span><\/label><input type=\"text\" name=\"name-1\" value=\"\" placeholder=\"John Miranda\" id=\"forminator-field-name-1_69e369ac956b8\" class=\"forminator-input forminator-name--field\" aria-required=\"true\" autocomplete=\"name\" \/><\/div><\/div><\/div><div class=\"forminator-row\"><div id=\"email-1\" class=\"forminator-field-email forminator-col forminator-col-12 \"><div class=\"forminator-field\"><label for=\"forminator-field-email-1_69e369ac956b8\" id=\"forminator-field-email-1_69e369ac956b8-label\" class=\"forminator-label\">Email <span class=\"forminator-required\">*<\/span><\/label><input type=\"email\" name=\"email-1\" value=\"\" placeholder=\"E.g. john@prueba.com\" id=\"forminator-field-email-1_69e369ac956b8\" class=\"forminator-input forminator-email--field\" data-required=\"1\" aria-required=\"true\" autocomplete=\"email\" \/><\/div><\/div><\/div><div class=\"forminator-row\"><div id=\"phone-1\" class=\"forminator-field-phone forminator-col forminator-col-12 \"><div class=\"forminator-field\"><label for=\"forminator-field-phone-1_69e369ac956b8\" id=\"forminator-field-phone-1_69e369ac956b8-label\" class=\"forminator-label\">Celular <span class=\"forminator-required\">*<\/span><\/label><input type=\"text\" name=\"phone-1\" value=\"\" placeholder=\"E.g. +51 999 999 999\" id=\"forminator-field-phone-1_69e369ac956b8\" class=\"forminator-input forminator-field--phone\" data-required=\"1\" aria-required=\"true\" autocomplete=\"off\" \/><\/div><\/div><\/div><div class=\"forminator-row\"><div id=\"textarea-1\" class=\"forminator-field-textarea forminator-col forminator-col-12 \"><div class=\"forminator-field\"><label for=\"forminator-field-textarea-1_69e369ac956b8\" id=\"forminator-field-textarea-1_69e369ac956b8-label\" class=\"forminator-label\">Consulta<\/label><textarea name=\"textarea-1\" placeholder=\"Escriba su pregunta y\/o consulta ...\" id=\"forminator-field-textarea-1_69e369ac956b8\" class=\"forminator-textarea\" rows=\"6\" style=\"min-height:140px;\" maxlength=\"180\" ><\/textarea><span id=\"forminator-field-textarea-1_69e369ac956b8-description\" class=\"forminator-description\"><span data-limit=\"180\" data-type=\"characters\" data-editor=\"\">0 \/ 180<\/span><\/span><\/div><\/div><\/div><input type=\"hidden\" name=\"referer_url\" value=\"\" \/><div class=\"forminator-row forminator-row-last\"><div class=\"forminator-col\"><div class=\"forminator-field\"><button class=\"forminator-button forminator-button-submit\"><span>Send Message<\/span><span aria-hidden=\"true\"><\/span><\/button><\/div><\/div><\/div><input type=\"hidden\" id=\"forminator_nonce\" name=\"forminator_nonce\" value=\"6dfe821ab2\" \/><input type=\"hidden\" name=\"_wp_http_referer\" value=\"\/index.php\/wp-json\/wp\/v2\/pages\/7\" \/><input type=\"hidden\" name=\"form_id\" value=\"130\"><input type=\"hidden\" name=\"page_id\" value=\"7\"><input type=\"hidden\" name=\"form_type\" value=\"default\"><input type=\"hidden\" name=\"current_url\" value=\"https:\/\/apvalor.com\/index.php\/nosotros\/\"><input type=\"hidden\" name=\"render_id\" value=\"0\"><input type=\"hidden\" name=\"action\" value=\"forminator_submit_form_custom-forms\"><label for=\"input_5\" class=\"forminator-hidden\" aria-hidden=\"true\">Please do not fill in this field. <input id=\"input_5\" type=\"text\" name=\"input_5\" value=\"\" autocomplete=\"off\"><\/label><\/form>\t\t\t\t<\/div>\n\t\t\t\t<\/div>\n\t\t\t\t\t<\/div>\n\t\t\t\t<\/div>\n\t\t\t\t<\/div>\n\t\t","protected":false},"excerpt":{"rendered":"<p>\u00bfPor qu\u00e9 trabajar con nosotros? Contamos con un equipo de especialistas de amplia experiencia y un profundo conocimiento en procesos administrativos, lo cual nos permite ofrecerte un servicio \u00e1gil, preciso y confiable. Nos ocupamos de cada detalle, desde la preparaci\u00f3n y presentaci\u00f3n de documentos hasta la resoluci\u00f3n final, estamos aqu\u00ed para que puedas centrarte en &hellip; <\/p>\n<p class=\"link-more\"><a href=\"https:\/\/apvalor.com\/index.php\/nosotros\/\" class=\"more-link\">Read more<span class=\"screen-reader-text\"> \u00abNosotros\u00bb<\/span><\/a><\/p>\n","protected":false},"author":1,"featured_media":0,"parent":0,"menu_order":0,"comment_status":"closed","ping_status":"closed","template":"","meta":{"footnotes":""},"class_list":["post-7","page","type-page","status-publish","hentry"],"_links":{"self":[{"href":"https:\/\/apvalor.com\/index.php\/wp-json\/wp\/v2\/pages\/7","targetHints":{"allow":["GET"]}}],"collection":[{"href":"https:\/\/apvalor.com\/index.php\/wp-json\/wp\/v2\/pages"}],"about":[{"href":"https:\/\/apvalor.com\/index.php\/wp-json\/wp\/v2\/types\/page"}],"author":[{"embeddable":true,"href":"https:\/\/apvalor.com\/index.php\/wp-json\/wp\/v2\/users\/1"}],"replies":[{"embeddable":true,"href":"https:\/\/apvalor.com\/index.php\/wp-json\/wp\/v2\/comments?post=7"}],"version-history":[{"count":37,"href":"https:\/\/apvalor.com\/index.php\/wp-json\/wp\/v2\/pages\/7\/revisions"}],"predecessor-version":[{"id":421,"href":"https:\/\/apvalor.com\/index.php\/wp-json\/wp\/v2\/pages\/7\/revisions\/421"}],"wp:attachment":[{"href":"https:\/\/apvalor.com\/index.php\/wp-json\/wp\/v2\/media?parent=7"}],"curies":[{"name":"wp","href":"https:\/\/api.w.org\/{rel}","templated":true}]}}